{"id":9,"date":"2014-01-15T23:03:16","date_gmt":"2014-01-15T21:03:16","guid":{"rendered":"http:\/\/eestiturbamuuseum.ee\/?page_id=9"},"modified":"2018-09-18T14:14:03","modified_gmt":"2018-09-18T11:14:03","slug":"kontakt","status":"publish","type":"page","link":"https:\/\/eestiturbamuuseum.ee\/?page_id=9","title":{"rendered":"Kontakt"},"content":{"rendered":"<p>Juriidiline aadress:<\/p>\n<p>T\u00f6\u00f6stuse 5<\/p>\n<p>Tootsi alev<\/p>\n<p>Tootsi vald<\/p>\n<p>P\u00e4rnumaa 87501<\/p>\n<p>Tel: +372 51 37 439<\/p>\n<p>E-mail: info@eestiturbamuuseum.ee<br \/>\n<iframe loading=\"lazy\" src=\"https:\/\/maps.google.ee\/maps?f=q&amp;source=s_q&amp;hl=et&amp;geocode=&amp;q=t%C3%B6%C3%B6stuse+5&amp;aq=&amp;sll=58.586151,24.789469&amp;sspn=0.007225,0.01929&amp;ie=UTF8&amp;hq=&amp;hnear=T%C3%B6%C3%B6stuse+5,+Tootsi,+87501&amp;ll=58.58809,24.785058&amp;spn=0.001806,0.004823&amp;t=m&amp;z=14&amp;output=embed\" width=\"425\" height=\"350\" frameborder=\"0\" marginwidth=\"0\" marginheight=\"0\" scrolling=\"no\"><\/iframe><br \/>\n<small><a style=\"color: #0000ff; text-align: left;\" href=\"https:\/\/maps.google.ee\/maps?f=q&amp;source=embed&amp;hl=et&amp;geocode=&amp;q=t%C3%B6%C3%B6stuse+5&amp;aq=&amp;sll=58.586151,24.789469&amp;sspn=0.007225,0.01929&amp;ie=UTF8&amp;hq=&amp;hnear=T%C3%B6%C3%B6stuse+5,+Tootsi,+87501&amp;ll=58.58809,24.785058&amp;spn=0.001806,0.004823&amp;t=m&amp;z=14\">View Larger Map<\/a><\/small><\/p>\n","protected":false},"excerpt":{"rendered":"<p>Juriidiline aadress: T\u00f6\u00f6stuse 5 Tootsi alev Tootsi vald P\u00e4rnumaa 87501 Tel: +372 51 37 439 E-mail: info@eestiturbamuuseum.ee View Larger Map<\/p>\n","protected":false},"author":1,"featured_media":0,"parent":0,"menu_order":50,"comment_status":"closed","ping_status":"open","template":"","meta":{"footnotes":""},"class_list":["post-9","page","type-page","status-publish","hentry"],"_links":{"self":[{"href":"https:\/\/eestiturbamuuseum.ee\/index.php?rest_route=\/wp\/v2\/pages\/9","targetHints":{"allow":["GET"]}}],"collection":[{"href":"https:\/\/eestiturbamuuseum.ee\/index.php?rest_route=\/wp\/v2\/pages"}],"about":[{"href":"https:\/\/eestiturbamuuseum.ee\/index.php?rest_route=\/wp\/v2\/types\/page"}],"author":[{"embeddable":true,"href":"https:\/\/eestiturbamuuseum.ee\/index.php?rest_route=\/wp\/v2\/users\/1"}],"replies":[{"embeddable":true,"href":"https:\/\/eestiturbamuuseum.ee\/index.php?rest_route=%2Fwp%2Fv2%2Fcomments&post=9"}],"version-history":[{"count":5,"href":"https:\/\/eestiturbamuuseum.ee\/index.php?rest_route=\/wp\/v2\/pages\/9\/revisions"}],"predecessor-version":[{"id":379,"href":"https:\/\/eestiturbamuuseum.ee\/index.php?rest_route=\/wp\/v2\/pages\/9\/revisions\/379"}],"wp:attachment":[{"href":"https:\/\/eestiturbamuuseum.ee\/index.php?rest_route=%2Fwp%2Fv2%2Fmedia&parent=9"}],"curies":[{"name":"wp","href":"https:\/\/api.w.org\/{rel}","templated":true}]}}